{"id":1535,"date":"2023-03-30T14:48:30","date_gmt":"2023-03-30T14:48:30","guid":{"rendered":"http:\/\/lernhilfe-ammersee.de\/?page_id=1535"},"modified":"2023-06-04T13:11:31","modified_gmt":"2023-06-04T11:11:31","slug":"lehrkraft-werden","status":"publish","type":"page","link":"https:\/\/lernhilfe-ammersee.de\/index.php\/lehrkraft-werden\/","title":{"rendered":"Lehrkraft werden"},"content":{"rendered":"\t\t<div data-elementor-type=\"wp-page\" data-elementor-id=\"1535\" class=\"elementor elementor-1535\">\n\t\t\t\t\t\t\t\t\t<section class=\"elementor-section elementor-top-section elementor-element elementor-element-37b3c9a elementor-section-full_width elementor-section-height-default elementor-section-height-default\" data-id=\"37b3c9a\" data-element_type=\"section\" data-settings=\"{&quot;background_background&quot;:&quot;classic&quot;}\" data-e-bg-lazyload=\"\">\n\t\t\t\t\t\t<div class=\"elementor-container elementor-column-gap-no\">\n\t\t\t\t\t<div class=\"elementor-column elementor-col-50 elementor-top-column elementor-element elementor-element-f66c417\" data-id=\"f66c417\" data-element_type=\"column\">\n\t\t\t<div class=\"elementor-widget-wrap elementor-element-populated\">\n\t\t\t\t\t\t\t\t<div class=\"elementor-element elementor-element-6a19bcb elementor-widget elementor-widget-heading\" data-id=\"6a19bcb\" data-element_type=\"widget\" data-widget_type=\"heading.default\">\n\t\t\t\t<div class=\"elementor-widget-container\">\n\t\t\t<style>\/*! elementor - v3.12.1 - 02-04-2023 *\/\n.elementor-heading-title{padding:0;margin:0;line-height:1}.elementor-widget-heading .elementor-heading-title[class*=elementor-size-]>a{color:inherit;font-size:inherit;line-height:inherit}.elementor-widget-heading .elementor-heading-title.elementor-size-small{font-size:15px}.elementor-widget-heading .elementor-heading-title.elementor-size-medium{font-size:19px}.elementor-widget-heading .elementor-heading-title.elementor-size-large{font-size:29px}.elementor-widget-heading .elementor-heading-title.elementor-size-xl{font-size:39px}.elementor-widget-heading .elementor-heading-title.elementor-size-xxl{font-size:59px}<\/style><h6 class=\"elementor-heading-title elementor-size-default\">Kommen Sie in ein Symphatisches Team<\/h6>\t\t<\/div>\n\t\t\t\t<\/div>\n\t\t\t\t<div class=\"elementor-element elementor-element-b8ae100 elementor-widget elementor-widget-heading\" data-id=\"b8ae100\" data-element_type=\"widget\" data-widget_type=\"heading.default\">\n\t\t\t\t<div class=\"elementor-widget-container\">\n\t\t\t<h1 class=\"elementor-heading-title elementor-size-default\">Lehrkraft werden<\/h1>\t\t<\/div>\n\t\t\t\t<\/div>\n\t\t\t\t<div class=\"elementor-element elementor-element-1439bca elementor-widget elementor-widget-text-editor\" data-id=\"1439bca\" data-element_type=\"widget\" data-widget_type=\"text-editor.default\">\n\t\t\t\t<div class=\"elementor-widget-container\">\n\t\t\t<style>\/*! elementor - v3.12.1 - 02-04-2023 *\/\n.elementor-widget-text-editor.elementor-drop-cap-view-stacked .elementor-drop-cap{background-color:#69727d;color:#fff}.elementor-widget-text-editor.elementor-drop-cap-view-framed .elementor-drop-cap{color:#69727d;border:3px solid;background-color:transparent}.elementor-widget-text-editor:not(.elementor-drop-cap-view-default) .elementor-drop-cap{margin-top:8px}.elementor-widget-text-editor:not(.elementor-drop-cap-view-default) .elementor-drop-cap-letter{width:1em;height:1em}.elementor-widget-text-editor .elementor-drop-cap{float:left;text-align:center;line-height:1;font-size:50px}.elementor-widget-text-editor .elementor-drop-cap-letter{display:inline-block}<\/style>\t\t\t\t<p>Sie arbeiten gern mit Sch\u00fclern, haben Spa\u00df am Erfolg Ihrer Sch\u00fctzlinge und am Unterrichten, m\u00f6chen Ihr Wissen weitergeben oder suchen eine sinnvolle Freizeitbesch\u00e4ftigung als Sch\u00fcler, Student, Lehrer oder auch Rentner? Idealerweise verf\u00fcgen Sie schon \u00fcber Erfahrung im Unterrichten. Dann kommen Sie in unser Team! Rufen Sie uns an oder senden Sie uns eine Email, wir freuen uns auf Sie!<\/p>\t\t\t\t\t\t<\/div>\n\t\t\t\t<\/div>\n\t\t\t\t<div class=\"elementor-element elementor-element-9d9671a elementor-view-stacked elementor-position-left elementor-vertical-align-middle elementor-shape-circle elementor-mobile-position-top elementor-widget elementor-widget-icon-box\" data-id=\"9d9671a\" data-element_type=\"widget\" data-widget_type=\"icon-box.default\">\n\t\t\t\t<div class=\"elementor-widget-container\">\n\t\t\t<link rel=\"stylesheet\" href=\"https:\/\/lernhilfe-ammersee.de\/wp-content\/plugins\/elementor\/assets\/css\/widget-icon-box.min.css\">\t\t<div class=\"elementor-icon-box-wrapper\">\n\t\t\t\t\t\t<div class=\"elementor-icon-box-icon\">\n\t\t\t\t<span class=\"elementor-icon elementor-animation-\" >\n\t\t\t\t<i aria-hidden=\"true\" class=\"fas fa-phone\"><\/i>\t\t\t\t<\/span>\n\t\t\t<\/div>\n\t\t\t\t\t\t<div class=\"elementor-icon-box-content\">\n\t\t\t\t<h5 class=\"elementor-icon-box-title\">\n\t\t\t\t\t<span  >\n\t\t\t\t\t\t08806 959667\t\t\t\t\t<\/span>\n\t\t\t\t<\/h5>\n\t\t\t\t\t\t\t<\/div>\n\t\t<\/div>\n\t\t\t\t<\/div>\n\t\t\t\t<\/div>\n\t\t\t\t\t<\/div>\n\t\t<\/div>\n\t\t\t\t<div class=\"elementor-column elementor-col-50 elementor-top-column elementor-element elementor-element-16a252d\" data-id=\"16a252d\" data-element_type=\"column\">\n\t\t\t<div class=\"elementor-widget-wrap elementor-element-populated\">\n\t\t\t\t\t\t\t\t<div class=\"elementor-element elementor-element-28e0b18 elementor-absolute elementor-widget elementor-widget-image\" data-id=\"28e0b18\" data-element_type=\"widget\" data-settings=\"{&quot;_position&quot;:&quot;absolute&quot;}\" data-widget_type=\"image.default\">\n\t\t\t\t<div class=\"elementor-widget-container\">\n\t\t\t<style>\/*! elementor - v3.12.1 - 02-04-2023 *\/\n.elementor-widget-image{text-align:center}.elementor-widget-image a{display:inline-block}.elementor-widget-image a img[src$=\".svg\"]{width:48px}.elementor-widget-image img{vertical-align:middle;display:inline-block}<\/style>\t\t\t\t\t\t\t\t\t\t\t\t<img loading=\"lazy\" decoding=\"async\" width=\"2560\" height=\"1707\" src=\"https:\/\/lernhilfe-ammersee.de\/wp-content\/uploads\/2023\/04\/AdobeStock_96266852-compressed-scaled.jpeg\" class=\"attachment-full size-full wp-image-1643\" alt=\"\" srcset=\"https:\/\/lernhilfe-ammersee.de\/wp-content\/uploads\/2023\/04\/AdobeStock_96266852-compressed-scaled.jpeg 2560w, https:\/\/lernhilfe-ammersee.de\/wp-content\/uploads\/2023\/04\/AdobeStock_96266852-compressed-300x200.jpeg 300w, https:\/\/lernhilfe-ammersee.de\/wp-content\/uploads\/2023\/04\/AdobeStock_96266852-compressed-1024x683.jpeg 1024w, https:\/\/lernhilfe-ammersee.de\/wp-content\/uploads\/2023\/04\/AdobeStock_96266852-compressed-768x512.jpeg 768w, https:\/\/lernhilfe-ammersee.de\/wp-content\/uploads\/2023\/04\/AdobeStock_96266852-compressed-1536x1024.jpeg 1536w, https:\/\/lernhilfe-ammersee.de\/wp-content\/uploads\/2023\/04\/AdobeStock_96266852-compressed-2048x1365.jpeg 2048w\" sizes=\"auto, (max-width: 2560px) 100vw, 2560px\" \/>\t\t\t\t\t\t\t\t\t\t\t\t\t\t\t<\/div>\n\t\t\t\t<\/div>\n\t\t\t\t\t<\/div>\n\t\t<\/div>\n\t\t\t\t\t\t\t<\/div>\n\t\t<\/section>\n\t\t\t\t\t\t\t<\/div>\n\t\t","protected":false},"excerpt":{"rendered":"<p>Kommen Sie in ein Symphatisches Team Lehrkraft werden Sie arbeiten gern mit Sch\u00fclern, haben Spa\u00df am Erfolg Ihrer Sch\u00fctzlinge und am Unterrichten, m\u00f6chen Ihr Wissen weitergeben oder suchen eine sinnvolle Freizeitbesch\u00e4ftigung als Sch\u00fcler, Student, Lehrer oder auch Rentner? Idealerweise verf\u00fcgen Sie schon \u00fcber Erfahrung im Unterrichten. Dann kommen Sie in unser Team! Rufen Sie uns [&hellip;]<\/p>\n","protected":false},"author":1,"featured_media":0,"parent":0,"menu_order":0,"comment_status":"closed","ping_status":"closed","template":"","meta":{"site-sidebar-layout":"no-sidebar","site-content-layout":"page-builder","ast-site-content-layout":"default","site-content-style":"default","site-sidebar-style":"default","ast-global-header-display":"","ast-banner-title-visibility":"","ast-main-header-display":"","ast-hfb-above-header-display":"","ast-hfb-below-header-display":"","ast-hfb-mobile-header-display":"","site-post-title":"disabled","ast-breadcrumbs-content":"","ast-featured-img":"disabled","footer-sml-layout":"","ast-disable-related-posts":"","theme-transparent-header-meta":"enabled","adv-header-id-meta":"","stick-header-meta":"","header-above-stick-meta":"","header-main-stick-meta":"","header-below-stick-meta":"","astra-migrate-meta-layouts":"default","ast-page-background-enabled":"default","ast-page-background-meta":{"desktop":{"background-color":"var(--ast-global-color-4)","background-image":"","background-repeat":"repeat","background-position":"center center","background-size":"auto","background-attachment":"scroll","background-type":"","background-media":"","overlay-type":"","overlay-color":"","overlay-opacity":"","overlay-gradient":""},"tablet":{"background-color":"","background-image":"","background-repeat":"repeat","background-position":"center center","background-size":"auto","background-attachment":"scroll","background-type":"","background-media":"","overlay-type":"","overlay-color":"","overlay-opacity":"","overlay-gradient":""},"mobile":{"background-color":"","background-image":"","background-repeat":"repeat","background-position":"center center","background-size":"auto","background-attachment":"scroll","background-type":"","background-media":"","overlay-type":"","overlay-color":"","overlay-opacity":"","overlay-gradient":""}},"ast-content-background-meta":{"desktop":{"background-color":"var(--ast-global-color-5)","background-image":"","background-repeat":"repeat","background-position":"center center","background-size":"auto","background-attachment":"scroll","background-type":"","background-media":"","overlay-type":"","overlay-color":"","overlay-opacity":"","overlay-gradient":""},"tablet":{"background-color":"var(--ast-global-color-5)","background-image":"","background-repeat":"repeat","background-position":"center center","background-size":"auto","background-attachment":"scroll","background-type":"","background-media":"","overlay-type":"","overlay-color":"","overlay-opacity":"","overlay-gradient":""},"mobile":{"background-color":"var(--ast-global-color-5)","background-image":"","background-repeat":"repeat","background-position":"center center","background-size":"auto","background-attachment":"scroll","background-type":"","background-media":"","overlay-type":"","overlay-color":"","overlay-opacity":"","overlay-gradient":""}},"footnotes":""},"class_list":["post-1535","page","type-page","status-publish","hentry"],"yoast_head":"<!-- This site is optimized with the Yoast SEO plugin v27.2 - https:\/\/yoast.com\/product\/yoast-seo-wordpress\/ -->\n<title>Lehrkraft werden - Lernhilfe Ammersee - Lernen mit Freude<\/title>\n<meta name=\"robots\" content=\"index, follow, max-snippet:-1, max-image-preview:large, max-video-preview:-1\" \/>\n<link rel=\"canonical\" href=\"https:\/\/lernhilfe-ammersee.de\/index.php\/lehrkraft-werden\/\" \/>\n<meta property=\"og:locale\" content=\"de_DE\" \/>\n<meta property=\"og:type\" content=\"article\" \/>\n<meta property=\"og:title\" content=\"Lehrkraft werden - Lernhilfe Ammersee - Lernen mit Freude\" \/>\n<meta property=\"og:description\" content=\"Kommen Sie in ein Symphatisches Team Lehrkraft werden Sie arbeiten gern mit Sch\u00fclern, haben Spa\u00df am Erfolg Ihrer Sch\u00fctzlinge und am Unterrichten, m\u00f6chen Ihr Wissen weitergeben oder suchen eine sinnvolle Freizeitbesch\u00e4ftigung als Sch\u00fcler, Student, Lehrer oder auch Rentner? Idealerweise verf\u00fcgen Sie schon \u00fcber Erfahrung im Unterrichten. Dann kommen Sie in unser Team! Rufen Sie uns [&hellip;]\" \/>\n<meta property=\"og:url\" content=\"https:\/\/lernhilfe-ammersee.de\/index.php\/lehrkraft-werden\/\" \/>\n<meta property=\"og:site_name\" content=\"Lernhilfe Ammersee - Lernen mit Freude\" \/>\n<meta property=\"article:modified_time\" content=\"2023-06-04T11:11:31+00:00\" \/>\n<meta property=\"og:image\" content=\"https:\/\/lernhilfe-ammersee.de\/wp-content\/uploads\/2023\/04\/AdobeStock_96266852-compressed-scaled.jpeg\" \/>\n<meta name=\"twitter:card\" content=\"summary_large_image\" \/>\n<meta name=\"twitter:label1\" content=\"Gesch\u00e4tzte Lesezeit\" \/>\n\t<meta name=\"twitter:data1\" content=\"1\u00a0Minute\" \/>\n<script type=\"application\/ld+json\" class=\"yoast-schema-graph\">{\"@context\":\"https:\/\/schema.org\",\"@graph\":[{\"@type\":\"WebPage\",\"@id\":\"https:\/\/lernhilfe-ammersee.de\/index.php\/lehrkraft-werden\/\",\"url\":\"https:\/\/lernhilfe-ammersee.de\/index.php\/lehrkraft-werden\/\",\"name\":\"Lehrkraft werden - Lernhilfe Ammersee - Lernen mit Freude\",\"isPartOf\":{\"@id\":\"https:\/\/lernhilfe-ammersee.de\/#website\"},\"primaryImageOfPage\":{\"@id\":\"https:\/\/lernhilfe-ammersee.de\/index.php\/lehrkraft-werden\/#primaryimage\"},\"image\":{\"@id\":\"https:\/\/lernhilfe-ammersee.de\/index.php\/lehrkraft-werden\/#primaryimage\"},\"thumbnailUrl\":\"https:\/\/lernhilfe-ammersee.de\/wp-content\/uploads\/2023\/04\/AdobeStock_96266852-compressed-scaled.jpeg\",\"datePublished\":\"2023-03-30T14:48:30+00:00\",\"dateModified\":\"2023-06-04T11:11:31+00:00\",\"breadcrumb\":{\"@id\":\"https:\/\/lernhilfe-ammersee.de\/index.php\/lehrkraft-werden\/#breadcrumb\"},\"inLanguage\":\"de\",\"potentialAction\":[{\"@type\":\"ReadAction\",\"target\":[\"https:\/\/lernhilfe-ammersee.de\/index.php\/lehrkraft-werden\/\"]}]},{\"@type\":\"ImageObject\",\"inLanguage\":\"de\",\"@id\":\"https:\/\/lernhilfe-ammersee.de\/index.php\/lehrkraft-werden\/#primaryimage\",\"url\":\"https:\/\/lernhilfe-ammersee.de\/wp-content\/uploads\/2023\/04\/AdobeStock_96266852-compressed-scaled.jpeg\",\"contentUrl\":\"https:\/\/lernhilfe-ammersee.de\/wp-content\/uploads\/2023\/04\/AdobeStock_96266852-compressed-scaled.jpeg\",\"width\":2560,\"height\":1707},{\"@type\":\"BreadcrumbList\",\"@id\":\"https:\/\/lernhilfe-ammersee.de\/index.php\/lehrkraft-werden\/#breadcrumb\",\"itemListElement\":[{\"@type\":\"ListItem\",\"position\":1,\"name\":\"Startseite\",\"item\":\"https:\/\/lernhilfe-ammersee.de\/\"},{\"@type\":\"ListItem\",\"position\":2,\"name\":\"Lehrkraft werden\"}]},{\"@type\":\"WebSite\",\"@id\":\"https:\/\/lernhilfe-ammersee.de\/#website\",\"url\":\"https:\/\/lernhilfe-ammersee.de\/\",\"name\":\"Lernhilfe Ammersee - Lernen mit Freude\",\"description\":\"Play, Explore, Learn at Kidie\",\"publisher\":{\"@id\":\"https:\/\/lernhilfe-ammersee.de\/#organization\"},\"potentialAction\":[{\"@type\":\"SearchAction\",\"target\":{\"@type\":\"EntryPoint\",\"urlTemplate\":\"https:\/\/lernhilfe-ammersee.de\/?s={search_term_string}\"},\"query-input\":{\"@type\":\"PropertyValueSpecification\",\"valueRequired\":true,\"valueName\":\"search_term_string\"}}],\"inLanguage\":\"de\"},{\"@type\":\"Organization\",\"@id\":\"https:\/\/lernhilfe-ammersee.de\/#organization\",\"name\":\"Lernhilfe Ammersee - Lernen mit Freude\",\"url\":\"https:\/\/lernhilfe-ammersee.de\/\",\"logo\":{\"@type\":\"ImageObject\",\"inLanguage\":\"de\",\"@id\":\"https:\/\/lernhilfe-ammersee.de\/#\/schema\/logo\/image\/\",\"url\":\"https:\/\/lernhilfe-ammersee.de\/wp-content\/uploads\/2023\/05\/cropped-Logo-Lernhilfe-Ammersee.png\",\"contentUrl\":\"https:\/\/lernhilfe-ammersee.de\/wp-content\/uploads\/2023\/05\/cropped-Logo-Lernhilfe-Ammersee.png\",\"width\":749,\"height\":247,\"caption\":\"Lernhilfe Ammersee - Lernen mit Freude\"},\"image\":{\"@id\":\"https:\/\/lernhilfe-ammersee.de\/#\/schema\/logo\/image\/\"}}]}<\/script>\n<!-- \/ Yoast SEO plugin. -->","yoast_head_json":{"title":"Lehrkraft werden - Lernhilfe Ammersee - Lernen mit Freude","robots":{"index":"index","follow":"follow","max-snippet":"max-snippet:-1","max-image-preview":"max-image-preview:large","max-video-preview":"max-video-preview:-1"},"canonical":"https:\/\/lernhilfe-ammersee.de\/index.php\/lehrkraft-werden\/","og_locale":"de_DE","og_type":"article","og_title":"Lehrkraft werden - Lernhilfe Ammersee - Lernen mit Freude","og_description":"Kommen Sie in ein Symphatisches Team Lehrkraft werden Sie arbeiten gern mit Sch\u00fclern, haben Spa\u00df am Erfolg Ihrer Sch\u00fctzlinge und am Unterrichten, m\u00f6chen Ihr Wissen weitergeben oder suchen eine sinnvolle Freizeitbesch\u00e4ftigung als Sch\u00fcler, Student, Lehrer oder auch Rentner? Idealerweise verf\u00fcgen Sie schon \u00fcber Erfahrung im Unterrichten. Dann kommen Sie in unser Team! Rufen Sie uns [&hellip;]","og_url":"https:\/\/lernhilfe-ammersee.de\/index.php\/lehrkraft-werden\/","og_site_name":"Lernhilfe Ammersee - Lernen mit Freude","article_modified_time":"2023-06-04T11:11:31+00:00","og_image":[{"url":"https:\/\/lernhilfe-ammersee.de\/wp-content\/uploads\/2023\/04\/AdobeStock_96266852-compressed-scaled.jpeg","type":"","width":"","height":""}],"twitter_card":"summary_large_image","twitter_misc":{"Gesch\u00e4tzte Lesezeit":"1\u00a0Minute"},"schema":{"@context":"https:\/\/schema.org","@graph":[{"@type":"WebPage","@id":"https:\/\/lernhilfe-ammersee.de\/index.php\/lehrkraft-werden\/","url":"https:\/\/lernhilfe-ammersee.de\/index.php\/lehrkraft-werden\/","name":"Lehrkraft werden - Lernhilfe Ammersee - Lernen mit Freude","isPartOf":{"@id":"https:\/\/lernhilfe-ammersee.de\/#website"},"primaryImageOfPage":{"@id":"https:\/\/lernhilfe-ammersee.de\/index.php\/lehrkraft-werden\/#primaryimage"},"image":{"@id":"https:\/\/lernhilfe-ammersee.de\/index.php\/lehrkraft-werden\/#primaryimage"},"thumbnailUrl":"https:\/\/lernhilfe-ammersee.de\/wp-content\/uploads\/2023\/04\/AdobeStock_96266852-compressed-scaled.jpeg","datePublished":"2023-03-30T14:48:30+00:00","dateModified":"2023-06-04T11:11:31+00:00","breadcrumb":{"@id":"https:\/\/lernhilfe-ammersee.de\/index.php\/lehrkraft-werden\/#breadcrumb"},"inLanguage":"de","potentialAction":[{"@type":"ReadAction","target":["https:\/\/lernhilfe-ammersee.de\/index.php\/lehrkraft-werden\/"]}]},{"@type":"ImageObject","inLanguage":"de","@id":"https:\/\/lernhilfe-ammersee.de\/index.php\/lehrkraft-werden\/#primaryimage","url":"https:\/\/lernhilfe-ammersee.de\/wp-content\/uploads\/2023\/04\/AdobeStock_96266852-compressed-scaled.jpeg","contentUrl":"https:\/\/lernhilfe-ammersee.de\/wp-content\/uploads\/2023\/04\/AdobeStock_96266852-compressed-scaled.jpeg","width":2560,"height":1707},{"@type":"BreadcrumbList","@id":"https:\/\/lernhilfe-ammersee.de\/index.php\/lehrkraft-werden\/#breadcrumb","itemListElement":[{"@type":"ListItem","position":1,"name":"Startseite","item":"https:\/\/lernhilfe-ammersee.de\/"},{"@type":"ListItem","position":2,"name":"Lehrkraft werden"}]},{"@type":"WebSite","@id":"https:\/\/lernhilfe-ammersee.de\/#website","url":"https:\/\/lernhilfe-ammersee.de\/","name":"Lernhilfe Ammersee - Lernen mit Freude","description":"Play, Explore, Learn at Kidie","publisher":{"@id":"https:\/\/lernhilfe-ammersee.de\/#organization"},"potentialAction":[{"@type":"SearchAction","target":{"@type":"EntryPoint","urlTemplate":"https:\/\/lernhilfe-ammersee.de\/?s={search_term_string}"},"query-input":{"@type":"PropertyValueSpecification","valueRequired":true,"valueName":"search_term_string"}}],"inLanguage":"de"},{"@type":"Organization","@id":"https:\/\/lernhilfe-ammersee.de\/#organization","name":"Lernhilfe Ammersee - Lernen mit Freude","url":"https:\/\/lernhilfe-ammersee.de\/","logo":{"@type":"ImageObject","inLanguage":"de","@id":"https:\/\/lernhilfe-ammersee.de\/#\/schema\/logo\/image\/","url":"https:\/\/lernhilfe-ammersee.de\/wp-content\/uploads\/2023\/05\/cropped-Logo-Lernhilfe-Ammersee.png","contentUrl":"https:\/\/lernhilfe-ammersee.de\/wp-content\/uploads\/2023\/05\/cropped-Logo-Lernhilfe-Ammersee.png","width":749,"height":247,"caption":"Lernhilfe Ammersee - Lernen mit Freude"},"image":{"@id":"https:\/\/lernhilfe-ammersee.de\/#\/schema\/logo\/image\/"}}]}},"_links":{"self":[{"href":"https:\/\/lernhilfe-ammersee.de\/index.php\/wp-json\/wp\/v2\/pages\/1535","targetHints":{"allow":["GET"]}}],"collection":[{"href":"https:\/\/lernhilfe-ammersee.de\/index.php\/wp-json\/wp\/v2\/pages"}],"about":[{"href":"https:\/\/lernhilfe-ammersee.de\/index.php\/wp-json\/wp\/v2\/types\/page"}],"author":[{"embeddable":true,"href":"https:\/\/lernhilfe-ammersee.de\/index.php\/wp-json\/wp\/v2\/users\/1"}],"replies":[{"embeddable":true,"href":"https:\/\/lernhilfe-ammersee.de\/index.php\/wp-json\/wp\/v2\/comments?post=1535"}],"version-history":[{"count":25,"href":"https:\/\/lernhilfe-ammersee.de\/index.php\/wp-json\/wp\/v2\/pages\/1535\/revisions"}],"predecessor-version":[{"id":2420,"href":"https:\/\/lernhilfe-ammersee.de\/index.php\/wp-json\/wp\/v2\/pages\/1535\/revisions\/2420"}],"wp:attachment":[{"href":"https:\/\/lernhilfe-ammersee.de\/index.php\/wp-json\/wp\/v2\/media?parent=1535"}],"curies":[{"name":"wp","href":"https:\/\/api.w.org\/{rel}","templated":true}]}}